{"id":7071,"date":"2010-07-25T19:40:01","date_gmt":"2010-07-26T02:40:01","guid":{"rendered":"https:\/\/wpthemetestdata.wordpress.com\/about\/"},"modified":"2025-12-23T16:34:31","modified_gmt":"2025-12-23T15:34:31","slug":"about","status":"publish","type":"page","link":"https:\/\/am-israel-farafina.com\/index.php\/about\/","title":{"rendered":"R\u00c8GLEMENT INT\u00c9RIEUR"},"content":{"rendered":"<h3>de l\u2019Association culturelle de l\u2019Alliance pour un Juda\u00efsme Traditionnel et Moderne<\/h3>\n<h3>ARTICLE 1 \u2013 Conditions pour \u00eatre membre adh\u00e9rent ou sympathisant<\/h3>\n<p>Conform\u00e9ment \u00e0 l\u2019article 5 de ses statuts, l\u2019Association se compose\u00a0 de membres adh\u00e9rents, de membres sympathisants, de membres honoraires. Cet article d\u00e9finit qui peut \u00eatre membre adh\u00e9rent de l\u2019Association.<br \/>Toute personne majeure, m\u00eame si elle ne remplit pas les conditions pour \u00eatre membre adh\u00e9rent, peut devenir membre sympathisant, \u00e0 condition d\u2019accepter les statuts, le r\u00e8glement int\u00e9rieur, les objectifs, principes et valeurs de l\u2019association. Il doit alors s\u2019acquitter de sa cotisation selon les dispositions ci apr\u00e8s.<br \/>Pour l\u2019ann\u00e9e 2009 La cotisation annuelle des personnes physiques individuelles est fix\u00e9e, \u00e0\u00a0 190 EUR. La cotisation annuelle des couples ou familles monoparentales est fix\u00e9e \u00e0 290 EUR. La cotisation annuelle familiale est fix\u00e9e \u00e0 de 350 euros. Le Conseil d\u2019Administration a pouvoir de d\u00e9cider annuellement une modification de ces montants. Il est admis que, par d\u00e9rogation, une diminution de la cotisation puisse \u00eatre consentie au vu de la situation particuli\u00e8re de la personne qui en fait la demande. Le Pr\u00e9sident, le tr\u00e9sorier et le Secr\u00e9taire G\u00e9n\u00e9ral de l\u2019Association sont seuls habilit\u00e9s \u00e0 consentir de telles r\u00e9ductions.<br \/>Le paiement peut s&rsquo;effectuer par ch\u00e8que, virement bancaire, mandat postal ou mandat international. Il doit \u00eatre\u00a0 effectu\u00e9 au plus tard dans un d\u00e9lai de 30 jours maximum apr\u00e8s l&rsquo;adh\u00e9sion. L&rsquo;adh\u00e9sion sera consid\u00e9r\u00e9e comme nulle si, apr\u00e8s ce d\u00e9lai, aucun paiement n&rsquo;est parvenu au tr\u00e9sorier de l&rsquo;Association. Le paiement peut \u00e9galement se faire par pr\u00e9l\u00e8vement mensuel.<br \/>L\u2019adh\u00e9sion, ou l\u2019inscription en tant que membre sympathisant, se fait au moyen d&rsquo;un bulletin d\u2019adh\u00e9sion mis \u00e0 disposition par l&rsquo;Association. Le bulletin compl\u00e9t\u00e9 et sign\u00e9 peut \u00eatre retourn\u00e9 \u00e0 l\u2019Association par courrier postal,\u00a0 ou par courrier \u00e9lectronique, ou \u00eatre\u00a0 remis directement.<br \/>La cotisation annuelle s&rsquo;entend par ann\u00e9e civile. \u00a0Le tr\u00e9sorier accuse r\u00e9ception de l&rsquo;encaissement par l&rsquo;envoi d&rsquo;un re\u00e7u \u00e0 l&rsquo;adh\u00e9rent sous forme \u00e9lectronique. Un re\u00e7u papier peut \u00eatre d\u00e9livr\u00e9 \u00e0 la demande de l&rsquo;adh\u00e9rent.<br \/>Les bulletins d&rsquo;adh\u00e9sion comporteront les informations suivantes\u00a0: nom, pr\u00e9nom,\u00a0 adresse et t\u00e9l\u00e9phone du domicile, et si possible, \u00a0adresse \u00e9lectronique principale et num\u00e9ro de t\u00e9l\u00e9phone mobile. Les adh\u00e9sions familiales comporteront en outre les pr\u00e9noms et \u00e2ges des enfants. Tout membre s&rsquo;engage \u00e0 porter \u00e0 la connaissance de l&rsquo;association toute modification portant sur ces informations minimales.<br \/>Conform\u00e9ment \u00e0 la loi n\u00b0 78-17 du 6 janvier 1978 relative \u00e0 l&rsquo;informatique, aux fichiers et aux libert\u00e9s, les membres disposent d&rsquo;un droit d&rsquo;acc\u00e8s et de rectification des donn\u00e9es les concernant aupr\u00e8s du secr\u00e9taire g\u00e9n\u00e9ral de l&rsquo;association.<br \/>Le Conseil d&rsquo;Administration se r\u00e9serve le droit de refuser toute adh\u00e9sion ou r\u00e9 adh\u00e9sion de membre adh\u00e9rent, ou toute inscription ou r\u00e9inscription de membre sympathisant.<br \/>Il n&rsquo;y a aucune condition de nationalit\u00e9 ni de r\u00e9sidence sur le territoire fran\u00e7ais pour pouvoir adh\u00e9rer.<\/p>\n<p>\u00a0<\/p>\n<h3>ARTICLE 2 \u2013 Fonctionnement de l\u2019Assembl\u00e9e G\u00e9n\u00e9rale<\/h3><p>Tout membre adh\u00e9rent \u00e0 jour de sa cotisation participe aux Assembl\u00e9es G\u00e9n\u00e9rales et \u00e0 ses votes. Conform\u00e9ment \u00e0 l\u2019article 10 des statuts, l\u2019Assembl\u00e9e G\u00e9n\u00e9rale \u00e9lit les membres du Conseil d\u2019Administration pour deux ans. L\u2019Assembl\u00e9e G\u00e9n\u00e9rale est convoqu\u00e9e quinze jours au moins avant la date\u00a0de sa tenue. Dans le m\u00eame d\u00e9lai, lorsqu\u2019il est n\u00e9cessaire de proc\u00e9der \u00e0 l\u2019\u00e9lection de membres du Conseil d\u2019Administration, \u00a0le Bureau lance un appel \u00e0 candidatures. \u00a0Le nombre de postes \u00e0 pourvoir est pr\u00e9cis\u00e9 au plus tard au moment de l\u2019Assembl\u00e9e G\u00e9n\u00e9rale, et la liste des candidatures est \u00e9galement arr\u00eat\u00e9e au plus tard lors de l\u2019Assembl\u00e9e G\u00e9n\u00e9rale.<br>Tout membre adh\u00e9rent \u00a0peut pr\u00e9senter sa candidature au Conseil d&rsquo;Administration lors d&rsquo;un vote de l\u2019Assembl\u00e9e G\u00e9n\u00e9rale. A cet effet, les membres adh\u00e9rents int\u00e9ress\u00e9s doivent exprimer leur \u00a0candidature aupr\u00e8s du Bureau par un acte \u00e9crit et sign\u00e9 comportant les \u00e9l\u00e9ments de leur identit\u00e9. Ils se pr\u00e9sentent devant l\u2019Assembl\u00e9e G\u00e9n\u00e9rale en expliquant leurs motivations et projets.<br>Lors de l\u2019Assembl\u00e9e G\u00e9n\u00e9rale, l\u2019\u00e9lection des Administrateurs se fait par bulletin secret, chaque membre adh\u00e9rent votant pour un nombre de candidats \u00a0variant entre 0 et le nombre de postes \u00e0 pourvoir, choisis \u00a0parmi les candidats\u00a0 inscrits pr\u00e9alablement sur la liste arr\u00eat\u00e9e par le Bureau. Les votants \u00e9margent une liste d\u2019\u00e9lecteurs. Le vote peut se faire par procuration donn\u00e9e \u00e0 un membre pr\u00e9sent. Les membres majeurs d\u2019une m\u00eame famille payant une cotisation familiale (domicile commun) ont chacun une voix.<br>L\u2019Assembl\u00e9e G\u00e9n\u00e9rale vote \u00e0 mains lev\u00e9es, \u00e0 majorit\u00e9 simple, sur les autres questions qui lui sont soumises, notamment le rapport d\u2019activit\u00e9, le rapport financier, les projets.<\/p><p><strong>ARTICLE 3. Fonctionnement du Conseil d\u2019Administration<\/strong><\/p><p>Toute prise de position publique exprim\u00e9e au nom de l\u2019AJTM par un membre ext\u00e9rieur au Conseil d&rsquo;Administration n\u00e9cessite l\u2019accord pr\u00e9alable soit du Conseil lui-m\u00eame, soit du Bureau de l\u2019Association.<br>Le Conseil d&rsquo;Administration\u00a0 \u00e9lu \u00a0par l\u2019Assembl\u00e9e G\u00e9n\u00e9rale pour deux ans d\u00e9lib\u00e8re pour \u00e9lire en son sein, pour deux ans \u00e9galement, \u00a0le Pr\u00e9sident et les membres du Bureau.<br>Le Conseil d\u2019Administration se r\u00e9unit en tant que de besoin, et au moins une fois par trimestre, sur convocation du Pr\u00e9sident (ou du Secr\u00e9taire g\u00e9n\u00e9ral mandat\u00e9 \u00e0 cet effet)<br>Le Conseil d&rsquo;Administration a toute latitude pour engager les actes de gestion courants et les d\u00e9penses courantes de l&rsquo;association. Il donne mandat au Bureau, dont il surveille et contr\u00f4le les actes, pour agir en son nom. Le Conseil d&rsquo;Administration d\u00e9cide par consensus, sauf pour les actes les plus importants, notamment ceux qui engagent les finances de l\u2019Association pour une d\u00e9pense sup\u00e9rieure \u00e0 un montant de 2500 EUR ou entra\u00eenant un engagement mensuel sup\u00e9rieur \u00e0 250 EUR. Dans ce cas, il proc\u00e8de \u00e0 un vote, donnant lieu \u00e0 d\u00e9lib\u00e9ration \u00e9crite conserv\u00e9e dans les archives de l\u2019Association. Les d\u00e9cisions sont prises \u00e0 la majorit\u00e9 simple des voix. Hors des r\u00e9unions du Conseil, lorsqu\u2019un vote est n\u00e9cessaire, il peut \u00eatre recueilli par courrier \u00e9lectronique.<br>Le Conseil d\u2019Administration peut associer \u00e0 ses r\u00e9unions sans droit de vote, de fa\u00e7on r\u00e9guli\u00e8re ou exceptionnelle, tout membre adh\u00e9rent dont la pr\u00e9sence serait d\u2019int\u00e9r\u00eat g\u00e9n\u00e9ral pour la vie de l\u2019Association. Il peut \u00e9galement mettre en place des Commissions de travail et en confier la\u00a0 pr\u00e9sidence \u00e0 un membre adh\u00e9rent de son choix, en raison de sa comp\u00e9tence ou de sa disponibilit\u00e9.<br>Le Conseil d\u2019Administration d\u00e9signe en son sein un Administrateur charg\u00e9 de rassembler\u00a0\u00a0 les membres b\u00e9n\u00e9voles\u00a0de l\u2019Association et d\u2019organiser leur travail (permanences d\u2019accueil, propret\u00e9 des locaux, organisations des rencontres etc\u2026)\u00a0\u00a0\u00a0<br>Le Conseil d\u2019Administration d\u00e9signe en son sein un Administrateur qui sera l\u2019interlocuteur du (ou des) Rabbins pour l\u2019exercice quotidien de ses (leurs) fonctions.<\/p><p><strong>ARTICLE 4 \u2013 Choix techniques<\/strong><\/p><p>Pour la vie de l\u2019Association comme pour sa communication ext\u00e9rieure, il pourra \u00eatre fait largement usage des moyens que les r\u00e9seaux \u00e9lectroniques, Internet et messagerie \u00e9lectronique en particulier, mettent \u00e0 sa disposition.<br>Le Secr\u00e9tariat, le Bureau et le Conseil d\u2019Administration pourront\u00a0 \u00e9tablir par ces moyens \u00e9lectroniques, et adresser par ces m\u00eames voies aux personnes concern\u00e9es, les convocations, ordres du jour et comptes rendus de r\u00e9unions,\u00a0 publications de listes, informations diverses, documents de s\u00e9ance et communications externes. \u00a0S&rsquo;il est possible d&rsquo;effectuer un vote par voie\u00a0 \u00e9lectronique, mention en sera faite au moment de l\u2019appel \u00e0 vote. Dans ce cas, une date de cl\u00f4ture du vote est d\u00e9termin\u00e9e, et seul le dernier vote de chaque personne est pris en compte.<br>Toutefois la convocation \u00e0 l\u2019Assembl\u00e9e G\u00e9n\u00e9rale annuelle se fera par envoi postal en courrier simple quinze jours \u00e0 l\u2019avance. Le d\u00e9faut de r\u00e9ception par un adh\u00e9rent d\u2019une convocation \u00e0 une assembl\u00e9e g\u00e9n\u00e9rale en raison d&rsquo;un probl\u00e8me technique ne pourra remettre en question la tenue de cette assembl\u00e9e ni sa conformit\u00e9 aux statuts.<br>Chaque message important pour le bon fonctionnement de l\u2019Association (confirmation d&rsquo;adh\u00e9sion, convocation..) fera l\u2019objet d\u2019une deuxi\u00e8me tentative d\u2019envoi \u00e9lectronique en cas de probl\u00e8me technique constat\u00e9 (message d\u2019erreur ou de non r\u00e9ception par ex) avant abandon.<br>Le fichier des membres de l\u2019Association et listes de diffusion \u00e9lectronique ne sont accessibles qu\u2019aux membres du Bureau qui en ont la garde \u00a0en application de la Loi du 6 janvier 1978 relative \u00e0 l\u2019informatique, aux fichiers et aux libert\u00e9s.<br>Lorsqu\u2019un membre souhaite communiquer une information \u00e0 d\u2019autres membres de l\u2019Association, ou \u00e0 une partie d\u2019entre eux, il doit s\u2019adresser \u00e0 l\u2019un des membres du Bureau qui d\u00e9cide de relayer ou non cette information par tout moyen \u00e0 sa convenance, notamment le blog ou site de l\u2019Association ou en utilisant la liste de diffusion.\u00a0\u00a0\u00a0<\/p>","protected":false},"excerpt":{"rendered":"<p>de l\u2019Association culturelle de l\u2019Alliance pour un<\/p>\n","protected":false},"author":1,"featured_media":0,"parent":0,"menu_order":1,"comment_status":"closed","ping_status":"closed","template":"","meta":{"_monsterinsights_skip_tracking":false,"_monsterinsights_sitenote_active":false,"_monsterinsights_sitenote_note":"","_monsterinsights_sitenote_category":0,"_kadence_starter_templates_imported_post":false,"footnotes":""},"class_list":["post-7071","page","type-page","status-publish","hentry"],"aioseo_notices":[],"_links":{"self":[{"href":"https:\/\/am-israel-farafina.com\/index.php\/wp-json\/wp\/v2\/pages\/7071","targetHints":{"allow":["GET"]}}],"collection":[{"href":"https:\/\/am-israel-farafina.com\/index.php\/wp-json\/wp\/v2\/pages"}],"about":[{"href":"https:\/\/am-israel-farafina.com\/index.php\/wp-json\/wp\/v2\/types\/page"}],"author":[{"embeddable":true,"href":"https:\/\/am-israel-farafina.com\/index.php\/wp-json\/wp\/v2\/users\/1"}],"replies":[{"embeddable":true,"href":"https:\/\/am-israel-farafina.com\/index.php\/wp-json\/wp\/v2\/comments?post=7071"}],"version-history":[{"count":2,"href":"https:\/\/am-israel-farafina.com\/index.php\/wp-json\/wp\/v2\/pages\/7071\/revisions"}],"predecessor-version":[{"id":7384,"href":"https:\/\/am-israel-farafina.com\/index.php\/wp-json\/wp\/v2\/pages\/7071\/revisions\/7384"}],"wp:attachment":[{"href":"https:\/\/am-israel-farafina.com\/index.php\/wp-json\/wp\/v2\/media?parent=7071"}],"curies":[{"name":"wp","href":"https:\/\/api.w.org\/{rel}","templated":true}]}}