{"id":144,"date":"2021-08-24T08:04:02","date_gmt":"2021-08-24T08:04:02","guid":{"rendered":"http:\/\/designingmedia.com\/wordpress\/advisom\/layout-01\/?page_id=144"},"modified":"2025-12-23T16:27:07","modified_gmt":"2025-12-23T15:27:07","slug":"testimonials","status":"publish","type":"page","link":"https:\/\/am-israel-farafina.com\/index.php\/testimonials\/","title":{"rendered":"Testimonials"},"content":{"rendered":"\t\t<div data-elementor-type=\"wp-page\" data-elementor-id=\"144\" class=\"elementor elementor-144\">\n\t\t\t\t\t\t<section class=\"elementor-section elementor-top-section elementor-element elementor-element-7b1c5d57 elementor-section-boxed elementor-section-height-default elementor-section-height-default\" data-id=\"7b1c5d57\" data-element_type=\"section\" id=\"akd-slides\">\n\t\t\t\t\t\t<div class=\"elementor-container elementor-column-gap-default\">\n\t\t\t\t\t<div class=\"elementor-column elementor-col-100 elementor-top-column elementor-element elementor-element-5a9c1da6\" data-id=\"5a9c1da6\" data-element_type=\"column\">\n\t\t\t<div class=\"elementor-widget-wrap elementor-element-populated\">\n\t\t\t\t\t\t<section class=\"elementor-section elementor-inner-section elementor-element elementor-element-35f9b50e element-animation elementor-section-boxed elementor-section-height-default elementor-section-height-default\" data-id=\"35f9b50e\" data-element_type=\"section\" data-settings=\"{&quot;background_background&quot;:&quot;classic&quot;}\">\n\t\t\t\t\t\t<div class=\"elementor-container elementor-column-gap-default\">\n\t\t\t\t\t<div class=\"elementor-column elementor-col-100 elementor-inner-column elementor-element elementor-element-be8d91c\" data-id=\"be8d91c\" data-element_type=\"column\" data-settings=\"{&quot;background_background&quot;:&quot;classic&quot;}\">\n\t\t\t<div class=\"elementor-widget-wrap elementor-element-populated\">\n\t\t\t\t\t\t<div class=\"elementor-element elementor-element-30ebe42 elementor-widget elementor-widget-image\" data-id=\"30ebe42\" data-element_type=\"widget\" data-widget_type=\"image.default\">\n\t\t\t\t<div class=\"elementor-widget-container\">\n\t\t\t\t\t\t\t\t\t\t\t\t\t<img fetchpriority=\"high\" decoding=\"async\" width=\"212\" height=\"300\" src=\"https:\/\/am-israel-farafina.com\/wp-content\/uploads\/2025\/12\/pr-212x300.jpg\" class=\"attachment-medium size-medium wp-image-7368\" alt=\"\" srcset=\"https:\/\/am-israel-farafina.com\/wp-content\/uploads\/2025\/12\/pr-212x300.jpg 212w, https:\/\/am-israel-farafina.com\/wp-content\/uploads\/2025\/12\/pr.jpg 445w\" sizes=\"(max-width: 212px) 100vw, 212px\" \/>\t\t\t\t\t\t\t\t\t\t\t\t\t<\/div>\n\t\t\t\t<\/div>\n\t\t\t\t<div class=\"elementor-element elementor-element-9db55a2 elementor-widget elementor-widget-text-editor\" data-id=\"9db55a2\" data-element_type=\"widget\" data-widget_type=\"text-editor.default\">\n\t\t\t\t<div class=\"elementor-widget-container\">\n\t\t\t\t\t\t\t<p><strong>L&rsquo;ETERNEL\u00a0<\/strong>EST LA RAISON POUR LAQUELLE MEME DANS LA DOULEUR, JE SOURIS, DANS LA CONFUSION, JE COMPRENDS, DANS LA TRAHISON, JE L&rsquo;ESPERE, ET DANS LA PEUR, JE CONTINUE A ME BATTRE.<\/p>\t\t\t\t\t\t<\/div>\n\t\t\t\t<\/div>\n\t\t\t\t<div class=\"elementor-element elementor-element-6b9c198 elementor-widget elementor-widget-heading\" data-id=\"6b9c198\" data-element_type=\"widget\" data-widget_type=\"heading.default\">\n\t\t\t\t<div class=\"elementor-widget-container\">\n\t\t\t<h3 class=\"elementor-heading-title elementor-size-default\">Hortense Tsiporah Bil\u00e9<\/h3>\t\t<\/div>\n\t\t\t\t<\/div>\n\t\t\t\t\t<\/div>\n\t\t<\/div>\n\t\t\t\t\t<\/div>\n\t\t<\/section>\n\t\t\t\t<div class=\"elementor-element elementor-element-39b3bdc elementor-widget elementor-widget-text-editor\" data-id=\"39b3bdc\" data-element_type=\"widget\" data-widget_type=\"text-editor.default\">\n\t\t\t\t<div class=\"elementor-widget-container\">\n\t\t\t\t\t\t\t<table id=\"date2\" border=\"0\" width=\"557\" cellspacing=\"5\"><tbody><tr><td><p>Fille d\u2019un Diplomate Ivoirien, inspecteur des corps diplomatiques, d\u2019une m\u00e8re Ghan\u00e9enne, fonctionnaire des PTT, d\u2019un grand-p\u00e8re pasteur, Hortense BILE Tsiporah est franco-ivoirienne \u00ab\u00a0Akan\u00a0\u00bb. Elle a \u00e9t\u00e9 \u00e9lev\u00e9e\u00a0 dans un climat de tol\u00e9rance. Son \u00e9ducation, les affectations en missions diplomatiques de son p\u00e8re,l\u2019ont emmen\u00e9e \u00e0 \u00e9voluer dans un climat multiculturel. Hortense Tsiporah a notamment\u00a0 v\u00e9cu \u00e0 J\u00e9rusalem ou son p\u00e8re officiait en qualit\u00e9 d\u2019ambassadeur de C\u00f4te d\u2019Ivoire et des pays membres du Conseil de l\u2019Entente (Organisation sous r\u00e9gionale ouest-africaine). Son \u00e9ducation, les affectations en poste diplomatiques de son p\u00e8re, puis plus tard ses activit\u00e9s commerciales, l\u2019ont emmen\u00e9 \u00e0 effectuer de nombreux voyages en Afrique, en Europe, en Asie et en Am\u00e9rique. Marqu\u00e9e par le souvenir de cette p\u00e9riode, o\u00f9 elle a fr\u00e9quent\u00e9 les bancs de l\u2019\u00e9cole \u00e9l\u00e9mentaire fran\u00e7aise St Joseph de J\u00e9rusalem, elle a gard\u00e9 une curiosit\u00e9 vive pour la culture de la langue h\u00e9bra\u00efque, au point d\u2019entretenir ses enfants dans une certaine Jud\u00e9ophilie.A l\u2019\u00e2ge de 9 ans, son fils cadet, dont le meilleur ami issu d\u2019une famille Juive pratiquante, exprime un int\u00e9r\u00eat pouss\u00e9 pour les rituels qu\u2019il d\u00e9couvre dans cette famille et d\u00e9cide \u00e0 10 ans \u00a0de rencontrer le Rabbin de son actuelle communaut\u00e9(AJTM), qui\u00a0 l\u2019accueille, l\u2019accepte, et fait ainsi \u00a0le cheminement qui est le sien, en s\u2019engageant sur la voie du rite de passage que constitue la Bar-Mitsvah. Emmen\u00e9e \u00e0 donner son accord pour ce choix religieux inattendu, Hortense Tsiporah y consent et accepte de l\u2019accompagner. Elle y voit une occasion de renouer avec ses anciennes amours d\u2019Eretz Isra\u00ebl et des lettres carr\u00e9es. Cette exp\u00e9rience maternelle de transmission, la transforme au point qu\u2019elle franchit \u00e0 son tour le pas de la conversion et la c\u00e9l\u00e9bration de la Bat-Mitzvah. Femme d\u2019engagement, elle s\u2019investit g\u00e9n\u00e9reusement dans sa nouvelle communaut\u00e9 de l\u2019Alliance pour un Juda\u00efsme Traditionnel et Moderne (AJTM), en militante de la Torah, sans se d\u00e9partir d\u2019une ouverture \u00e0 la sensibilit\u00e9 des autres. Elle enseigne l\u2019initiation au Talmud-Torah, l\u2019apprentissage de la lecture H\u00e9bra\u00efque, et la cantilation des pri\u00e8res aux candidats \u00e0 la Bar-Bat-Mitsvah. Hortense Tsiporah n\u2019oublie pas que ses chemins de vie transitent par le continent africain, terre d\u2019accueil pour un peuple que les ligaments d\u2019une histoire multimill\u00e9naire ont port\u00e9 sur les routes de l\u2019exil.<\/p><\/td><\/tr><tr><td>\u00a0<\/td><\/tr><tr><td><p>Elle s\u2019emploie avec ses amis \u00e0 cr\u00e9er le 12 Juin 20<a id=\"_GoBack\" name=\"_GoBack\"><\/a>13, une association de Juifs Noirs, qu\u2019elle Pr\u00e9side, \u00e0 en d\u00e9coudre les fils. Association multiculturelle sioniste\u00a0 de loi 1901 No W751220137\u00a0 AM-ISRA\u00cbL-FARAFINA dont la signification est\u00a0: (Noir et\/ou Afrique), est 1 grande famille,\u00a0 qui a r\u00e9ussi \u00e0 op\u00e9rer en son sein une v\u00e9ritable alchimie.Association Juive de tous les courants de toutes les composantes, de toutes les identit\u00e9s Juives, apolitique, multiculturelle, ouverte aux non Juifs pro-Isra\u00ebl, une Association ind\u00e9pendante, d\u00e9mocratique, libre, une Association du vivre ensemble. Ce qui est important, n\u2019est pas ce qui s\u2019est pass\u00e9, c\u2019est comment construire l\u2019avenir.<\/p><\/td><\/tr><tr><td>\u00a0<\/td><\/tr><tr><td>Les objectifs d\u2019AM-I-FA\u00a0:<\/td><\/tr><tr><td><p>Donner entre autres de la visibilit\u00e9 aux Juifs Noirs de France et d\u2019ailleurs par l\u2019information, des actions, en les aidant \u00e0 int\u00e9grer leur communaut\u00e9 respectives.<\/p><\/td><\/tr><tr><td><p>Lutter contre toutes les formes de racisme, d\u2019antis\u00e9mitisme, le principe de base d\u2019AM-I-FA est d\u2019\u00eatre contre toutes les formes de racisme et\/ou discrimination anti-Noir,\u00a0\u00a0 anti-Isra\u00e9lien, \u00a0anti-blanc.<\/p><\/td><\/tr><tr><td><p>F\u00e9d\u00e9rer, rassembler, ouvrir\u00a0 pour la tol\u00e9rance, le vivre ensemble, et l\u2019acceptation de l\u2019autre dans les valeurs r\u00e9publicaines de la France. \u00ab\u00a0La valeur d\u2019une arm\u00e9e r\u00e9side dans son excellence, et non dans son nombre,\u00a0La valeur d\u2019un g\u00e9n\u00e9ral r\u00e9side dans sa strat\u00e9gie et non dans son courage\u00a0\u00bb<\/p><\/td><\/tr><tr><td><p>\u00ab\u00a0La V\u00e9rit\u00e9 est comme une plante qui se cultive, celui qui parle, la s\u00e8me, celui qui l\u2019\u00e9coute la r\u00e9colte\u00a0\u00bb<\/p><\/td><\/tr><\/tbody><\/table>\t\t\t\t\t\t<\/div>\n\t\t\t\t<\/div>\n\t\t\t\t\t<\/div>\n\t\t<\/div>\n\t\t\t\t\t<\/div>\n\t\t<\/section>\n\t\t\t\t<\/div>\n\t\t","protected":false},"excerpt":{"rendered":"<p>L&rsquo;ETERNEL\u00a0EST LA RAISON POUR LAQUELLE MEME DANS<\/p>\n","protected":false},"author":1,"featured_media":0,"parent":0,"menu_order":0,"comment_status":"closed","ping_status":"closed","template":"elementor_header_footer","meta":{"_monsterinsights_skip_tracking":false,"_monsterinsights_sitenote_active":false,"_monsterinsights_sitenote_note":"","_monsterinsights_sitenote_category":0,"_kadence_starter_templates_imported_post":false,"footnotes":""},"class_list":["post-144","page","type-page","status-publish","hentry"],"aioseo_notices":[],"_links":{"self":[{"href":"https:\/\/am-israel-farafina.com\/index.php\/wp-json\/wp\/v2\/pages\/144","targetHints":{"allow":["GET"]}}],"collection":[{"href":"https:\/\/am-israel-farafina.com\/index.php\/wp-json\/wp\/v2\/pages"}],"about":[{"href":"https:\/\/am-israel-farafina.com\/index.php\/wp-json\/wp\/v2\/types\/page"}],"author":[{"embeddable":true,"href":"https:\/\/am-israel-farafina.com\/index.php\/wp-json\/wp\/v2\/users\/1"}],"replies":[{"embeddable":true,"href":"https:\/\/am-israel-farafina.com\/index.php\/wp-json\/wp\/v2\/comments?post=144"}],"version-history":[{"count":12,"href":"https:\/\/am-israel-farafina.com\/index.php\/wp-json\/wp\/v2\/pages\/144\/revisions"}],"predecessor-version":[{"id":7381,"href":"https:\/\/am-israel-farafina.com\/index.php\/wp-json\/wp\/v2\/pages\/144\/revisions\/7381"}],"wp:attachment":[{"href":"https:\/\/am-israel-farafina.com\/index.php\/wp-json\/wp\/v2\/media?parent=144"}],"curies":[{"name":"wp","href":"https:\/\/api.w.org\/{rel}","templated":true}]}}