{"id":142,"date":"2021-08-24T08:03:08","date_gmt":"2021-08-24T08:03:08","guid":{"rendered":"http:\/\/designingmedia.com\/wordpress\/advisom\/layout-01\/?page_id=142"},"modified":"2025-12-23T16:02:37","modified_gmt":"2025-12-23T15:02:37","slug":"team","status":"publish","type":"page","link":"https:\/\/am-israel-farafina.com\/index.php\/team\/","title":{"rendered":"Team"},"content":{"rendered":"\t\t<div data-elementor-type=\"wp-page\" data-elementor-id=\"142\" class=\"elementor elementor-142\">\n\t\t\t\t\t\t<section class=\"elementor-section elementor-top-section elementor-element elementor-element-58eb646c elementor-section-boxed elementor-section-height-default elementor-section-height-default\" data-id=\"58eb646c\" data-element_type=\"section\" data-settings=\"{&quot;background_background&quot;:&quot;classic&quot;}\">\n\t\t\t\t\t\t<div class=\"elementor-container elementor-column-gap-default\">\n\t\t\t\t\t<div class=\"elementor-column elementor-col-100 elementor-top-column elementor-element elementor-element-1c307f85\" data-id=\"1c307f85\" data-element_type=\"column\" data-settings=\"{&quot;background_background&quot;:&quot;classic&quot;}\">\n\t\t\t<div class=\"elementor-widget-wrap elementor-element-populated\">\n\t\t\t\t\t\t<section class=\"elementor-section elementor-inner-section elementor-element elementor-element-79381424 teams-sec elementor-section-boxed elementor-section-height-default elementor-section-height-default\" data-id=\"79381424\" data-element_type=\"section\">\n\t\t\t\t\t\t<div class=\"elementor-container elementor-column-gap-default\">\n\t\t\t\t\t<div class=\"elementor-column elementor-col-100 elementor-inner-column elementor-element elementor-element-b2c3d39\" data-id=\"b2c3d39\" data-element_type=\"column\">\n\t\t\t<div class=\"elementor-widget-wrap elementor-element-populated\">\n\t\t\t\t\t\t<div class=\"elementor-element elementor-element-5b39e52 elementor-widget elementor-widget-heading\" data-id=\"5b39e52\" data-element_type=\"widget\" data-widget_type=\"heading.default\">\n\t\t\t\t<div class=\"elementor-widget-container\">\n\t\t\t<h2 class=\"elementor-heading-title elementor-size-default\">Qui sommes nous<\/h2>\t\t<\/div>\n\t\t\t\t<\/div>\n\t\t\t\t\t<\/div>\n\t\t<\/div>\n\t\t\t\t\t<\/div>\n\t\t<\/section>\n\t\t\t\t<section class=\"elementor-section elementor-inner-section elementor-element elementor-element-479daba teams-sec elementor-section-boxed elementor-section-height-default elementor-section-height-default\" data-id=\"479daba\" data-element_type=\"section\">\n\t\t\t\t\t\t<div class=\"elementor-container elementor-column-gap-default\">\n\t\t\t\t\t<div class=\"elementor-column elementor-col-100 elementor-inner-column elementor-element elementor-element-e056d00\" data-id=\"e056d00\" data-element_type=\"column\">\n\t\t\t<div class=\"elementor-widget-wrap elementor-element-populated\">\n\t\t\t\t\t\t<div class=\"elementor-element elementor-element-9acd1d5 elementor-widget elementor-widget-text-editor\" data-id=\"9acd1d5\" data-element_type=\"widget\" data-widget_type=\"text-editor.default\">\n\t\t\t\t<div class=\"elementor-widget-container\">\n\t\t\t\t\t\t\t<p>AM-ISRA\u00cbL-FARAFINA, Association Multiculturelle (de Juifs d\u2019Afrique, Juifs Noirs, Juifs d\u2019ailleurs), sioniste de loi\u00a0 1901, cr\u00e9\u00e9e le 12\/06\/2013 no W751220137. Notre Association, est ind\u00e9pendante, libre, d\u00e9mocratique, par cons\u00e9quent, elle ne d\u00e9pend d\u2019aucune quelconque F\u00e9d\u00e9ration des Juifs Noirs de France, ni ne se reconna\u00eet dans aucune F\u00e9d\u00e9ration Internationale de Juifs Noirs(FJN)<\/p><hr \/><p>\u00a0<\/p><p><img fetchpriority=\"high\" decoding=\"async\" class=\"size-medium wp-image-7359 aligncenter\" src=\"https:\/\/am-israel-farafina.com\/wp-content\/uploads\/2025\/12\/sanfoka-300x208.jpg\" alt=\"\" width=\"300\" height=\"208\" srcset=\"https:\/\/am-israel-farafina.com\/wp-content\/uploads\/2025\/12\/sanfoka-300x208.jpg 300w, https:\/\/am-israel-farafina.com\/wp-content\/uploads\/2025\/12\/sanfoka.jpg 358w\" sizes=\"(max-width: 300px) 100vw, 300px\" \/><\/p><p>\u00a0<\/p><hr \/><p>\u00a0<\/p><p>\u00a0<\/p><p>AM-I-FA, est une association des Juifs de toutes les identit\u00e9s, de toutes les composantes, Isra\u00e9lites, Femmes, Hommes, Jeunes, moins Jeunes, non Juifs, qui soient pro-Isra\u00ebl, ayant le m\u00eame combat commun. Etant donn\u00e9 le principe de base de AM-I-FA , d\u2019\u00eatre \u00a0contre toutes les formes de racisme, et de discrimination, l\u2019association exige que chaque adh\u00e9rent s\u2019engage \u00e0 ne pas faire preuve d\u2019aucun racisme, antis\u00e9mitisme, et\/ou discrimination anti-Noir,\u00a0 anti-Juif, ni anti-Isra\u00e9lien, ni anti-blanc , sous toutes ses formes, et de combattre ces 4 formes de haine \u00e9nergiquement. Parce que nous traversons une p\u00e9riode hautement sensible, nous avons pour ambition de nous tenir aux c\u00f4t\u00e9s de ceux qui s\u2019emploient \u00e0 mettre toute leur \u00e9nergie au service du peuple d\u2019Isra\u00ebl et des valeurs de la R\u00e9publique. La beaut\u00e9 du peuple Juif r\u00e9side dans sa diversit\u00e9, telle une toile vide qui devient\u00a0 ce que nous\u00a0 peignons l\u00e0-dessus, si\u00a0 nous peignons la mis\u00e8re, la richesse, la joie, l\u2019amour, la tol\u00e9rance, la libert\u00e9, la fraternit\u00e9, la g\u00e9n\u00e9rosit\u00e9, l\u2019humilit\u00e9, la moralit\u00e9, la spiritualit\u00e9, l\u2019union , l\u2019humanisme, l\u2019\u00e9change, le partage, le dialogue, l\u2019\u00e9coute, \u00a0le rassemblement, la connaissance, le vivre ensemble, l\u2019acceptation que l\u2019autre n\u2019est pas l\u2019autre, que l\u2019autre c\u2019est nous, cette libert\u00e9 devient\u00a0 alors notre splendeur. \u00ab\u00a0Ps 23.5 Tu oins d\u2019huile ma t\u00eate pour que ma coupe d\u00e9borde\u00a0\u00bb. \u00ab\u00a0Un seul doigt ne peut soulever une pierre\u00a0\u00bb, chacun de nous \u00e9tant un livre cach\u00e9, nous sommes compl\u00e9mentaires. \u00ab\u00a0La valeur d\u2019une arm\u00e9e, r\u00e9side dans son excellence, et non dans son nombre\u00a0\u00bb.<br \/>AM-I-FA a \u00e9t\u00e9 cr\u00e9\u00e9e afin de donner\u00a0 de la visibilit\u00e9 aux Juifs Noirs d\u2019ici et d\u2019ailleurs, et les aider \u00e0 s\u2019int\u00e9grer dans leur(s) communaut\u00e9(s) respective(s)<a id=\"_GoBack\" name=\"_GoBack\"><\/a>, association pluriculturelle, elle n\u2019est ni cultuelle, ni politique. Sioniste, elle a \u00e9galement pour objet l\u2019ouverture des\u00a0 portes avec ceux qui veulent qu\u2019ensemble main dans la main, sans peur ni haine puissions mettre en avant les valeurs universelles \u00e0 la d\u00e9couverte de chacun.\u00a0 \u00ab\u00a0 Les branches\u00a0 de l\u2019arbre peuvent se d\u00e9ployer tr\u00e8s loin, mais les racines restent encr\u00e9es dans le sol\u00a0\u00bb. AM-I-FA a \u00e0 son actif plusieurs actions et quelques partenariats, elle esttr\u00e8s souventpr\u00e9sente aux \u00e9v\u00e8nements malheureux ou heureux, aux manifestations pour Isra\u00ebl et pour la R\u00e9publique Fran\u00e7aise. Nous un,nous deux, nous multitudes, sommes l\u00e0, nous sommes l\u00e0\u2026<\/p>\t\t\t\t\t\t<\/div>\n\t\t\t\t<\/div>\n\t\t\t\t\t<\/div>\n\t\t<\/div>\n\t\t\t\t\t<\/div>\n\t\t<\/section>\n\t\t\t\t<section class=\"elementor-section elementor-inner-section elementor-element elementor-element-8ec2b49 teams-sec elementor-section-boxed elementor-section-height-default elementor-section-height-default\" data-id=\"8ec2b49\" data-element_type=\"section\">\n\t\t\t\t\t\t<div class=\"elementor-container elementor-column-gap-default\">\n\t\t\t\t\t<div class=\"elementor-column elementor-col-25 elementor-inner-column elementor-element elementor-element-bfc02a6 elementor-invisible\" data-id=\"bfc02a6\" data-element_type=\"column\" data-settings=\"{&quot;animation&quot;:&quot;fadeInLeft&quot;}\">\n\t\t\t<div class=\"elementor-widget-wrap elementor-element-populated\">\n\t\t\t\t\t\t<div class=\"elementor-element elementor-element-05adf66 elementor-widget elementor-widget-image\" data-id=\"05adf66\" data-element_type=\"widget\" data-widget_type=\"image.default\">\n\t\t\t\t<div class=\"elementor-widget-container\">\n\t\t\t\t\t\t\t\t\t\t\t\t\t<img decoding=\"async\" src=\"https:\/\/am-israel-farafina.com\/wp-content\/uploads\/elementor\/thumbs\/ALINA-KEVIN-1-qxmw57uvydo85io7zluwfjt55nlh9ecycvzvdiemng.jpg\" title=\"ALINA-KEVIN-1.jpg\" alt=\"ALINA-KEVIN-1.jpg\" class=\"elementor-animation-float\" loading=\"lazy\" \/>\t\t\t\t\t\t\t\t\t\t\t\t\t<\/div>\n\t\t\t\t<\/div>\n\t\t\t\t<div class=\"elementor-element elementor-element-4c7773e elementor-widget elementor-widget-heading\" data-id=\"4c7773e\" data-element_type=\"widget\" data-widget_type=\"heading.default\">\n\t\t\t\t<div class=\"elementor-widget-container\">\n\t\t\t<h3 class=\"elementor-heading-title elementor-size-default\">Chris Robert<\/h3>\t\t<\/div>\n\t\t\t\t<\/div>\n\t\t\t\t<div class=\"elementor-element elementor-element-dbf4932 elementor-widget elementor-widget-text-editor\" data-id=\"dbf4932\" data-element_type=\"widget\" data-widget_type=\"text-editor.default\">\n\t\t\t\t<div class=\"elementor-widget-container\">\n\t\t\t\t\t\t\t<p>Project Manager<\/p>\t\t\t\t\t\t<\/div>\n\t\t\t\t<\/div>\n\t\t\t\t<div class=\"elementor-element elementor-element-9645360 elementor-view-default elementor-widget elementor-widget-icon\" data-id=\"9645360\" data-element_type=\"widget\" data-widget_type=\"icon.default\">\n\t\t\t\t<div class=\"elementor-widget-container\">\n\t\t\t\t\t<div class=\"elementor-icon-wrapper\">\n\t\t\t<div class=\"elementor-icon\">\n\t\t\t<svg aria-hidden=\"true\" class=\"e-font-icon-svg e-fas-arrow-right\" viewBox=\"0 0 448 512\" xmlns=\"http:\/\/www.w3.org\/2000\/svg\"><path d=\"M190.5 66.9l22.2-22.2c9.4-9.4 24.6-9.4 33.9 0L441 239c9.4 9.4 9.4 24.6 0 33.9L246.6 467.3c-9.4 9.4-24.6 9.4-33.9 0l-22.2-22.2c-9.5-9.5-9.3-25 .4-34.3L311.4 296H24c-13.3 0-24-10.7-24-24v-32c0-13.3 10.7-24 24-24h287.4L190.9 101.2c-9.8-9.3-10-24.8-.4-34.3z\"><\/path><\/svg>\t\t\t<\/div>\n\t\t<\/div>\n\t\t\t\t<\/div>\n\t\t\t\t<\/div>\n\t\t\t\t\t<\/div>\n\t\t<\/div>\n\t\t\t\t<div class=\"elementor-column elementor-col-25 elementor-inner-column elementor-element elementor-element-212d7cd elementor-invisible\" data-id=\"212d7cd\" data-element_type=\"column\" data-settings=\"{&quot;animation&quot;:&quot;fadeInLeft&quot;}\">\n\t\t\t<div class=\"elementor-widget-wrap elementor-element-populated\">\n\t\t\t\t\t\t<div class=\"elementor-element elementor-element-08df057 elementor-widget elementor-widget-image\" data-id=\"08df057\" data-element_type=\"widget\" data-widget_type=\"image.default\">\n\t\t\t\t<div class=\"elementor-widget-container\">\n\t\t\t\t\t\t\t\t\t\t\t\t\t<img decoding=\"async\" src=\"https:\/\/am-israel-farafina.com\/wp-content\/uploads\/elementor\/thumbs\/BREAN-LANTHE-1-qxmw58sq57pih4muu49j01klr1guh3gop0ncusd8h8.jpg\" title=\"BREAN-LANTHE-1.jpg\" alt=\"BREAN-LANTHE-1.jpg\" class=\"elementor-animation-float\" loading=\"lazy\" \/>\t\t\t\t\t\t\t\t\t\t\t\t\t<\/div>\n\t\t\t\t<\/div>\n\t\t\t\t<div class=\"elementor-element elementor-element-f76871b elementor-widget elementor-widget-heading\" data-id=\"f76871b\" data-element_type=\"widget\" data-widget_type=\"heading.default\">\n\t\t\t\t<div class=\"elementor-widget-container\">\n\t\t\t<h3 class=\"elementor-heading-title elementor-size-default\">Olivia Wilde<\/h3>\t\t<\/div>\n\t\t\t\t<\/div>\n\t\t\t\t<div class=\"elementor-element elementor-element-8a2884e elementor-widget elementor-widget-text-editor\" data-id=\"8a2884e\" data-element_type=\"widget\" data-widget_type=\"text-editor.default\">\n\t\t\t\t<div class=\"elementor-widget-container\">\n\t\t\t\t\t\t\t<p>Marketing Coordinator<\/p>\t\t\t\t\t\t<\/div>\n\t\t\t\t<\/div>\n\t\t\t\t<div class=\"elementor-element elementor-element-d2b0fd5 elementor-view-default elementor-widget elementor-widget-icon\" data-id=\"d2b0fd5\" data-element_type=\"widget\" data-widget_type=\"icon.default\">\n\t\t\t\t<div class=\"elementor-widget-container\">\n\t\t\t\t\t<div class=\"elementor-icon-wrapper\">\n\t\t\t<div class=\"elementor-icon\">\n\t\t\t<svg aria-hidden=\"true\" class=\"e-font-icon-svg e-fas-arrow-right\" viewBox=\"0 0 448 512\" xmlns=\"http:\/\/www.w3.org\/2000\/svg\"><path d=\"M190.5 66.9l22.2-22.2c9.4-9.4 24.6-9.4 33.9 0L441 239c9.4 9.4 9.4 24.6 0 33.9L246.6 467.3c-9.4 9.4-24.6 9.4-33.9 0l-22.2-22.2c-9.5-9.5-9.3-25 .4-34.3L311.4 296H24c-13.3 0-24-10.7-24-24v-32c0-13.3 10.7-24 24-24h287.4L190.9 101.2c-9.8-9.3-10-24.8-.4-34.3z\"><\/path><\/svg>\t\t\t<\/div>\n\t\t<\/div>\n\t\t\t\t<\/div>\n\t\t\t\t<\/div>\n\t\t\t\t\t<\/div>\n\t\t<\/div>\n\t\t\t\t<div class=\"elementor-column elementor-col-25 elementor-inner-column elementor-element elementor-element-4260c03 elementor-invisible\" data-id=\"4260c03\" data-element_type=\"column\" data-settings=\"{&quot;animation&quot;:&quot;fadeInRight&quot;}\">\n\t\t\t<div class=\"elementor-widget-wrap elementor-element-populated\">\n\t\t\t\t\t\t<div class=\"elementor-element elementor-element-f5ff4ac elementor-widget elementor-widget-image\" data-id=\"f5ff4ac\" data-element_type=\"widget\" data-widget_type=\"image.default\">\n\t\t\t\t<div class=\"elementor-widget-container\">\n\t\t\t\t\t\t\t\t\t\t\t\t\t<img decoding=\"async\" src=\"https:\/\/am-israel-farafina.com\/wp-content\/uploads\/elementor\/thumbs\/POLARD-ANDREW-1-qxmw59qkc1qssqlhomo5kjc2cfc7oskf15auc2bub0.jpg\" title=\"POLARD-ANDREW-1.jpg\" alt=\"POLARD-ANDREW-1.jpg\" class=\"elementor-animation-float\" loading=\"lazy\" \/>\t\t\t\t\t\t\t\t\t\t\t\t\t<\/div>\n\t\t\t\t<\/div>\n\t\t\t\t<div class=\"elementor-element elementor-element-2a04913 elementor-widget elementor-widget-heading\" data-id=\"2a04913\" data-element_type=\"widget\" data-widget_type=\"heading.default\">\n\t\t\t\t<div class=\"elementor-widget-container\">\n\t\t\t<h3 class=\"elementor-heading-title elementor-size-default\">Amelia Eve<\/h3>\t\t<\/div>\n\t\t\t\t<\/div>\n\t\t\t\t<div class=\"elementor-element elementor-element-fe5b984 elementor-widget elementor-widget-text-editor\" data-id=\"fe5b984\" data-element_type=\"widget\" data-widget_type=\"text-editor.default\">\n\t\t\t\t<div class=\"elementor-widget-container\">\n\t\t\t\t\t\t\t<p>Marketing Director<\/p>\t\t\t\t\t\t<\/div>\n\t\t\t\t<\/div>\n\t\t\t\t<div class=\"elementor-element elementor-element-d7cc660 elementor-view-default elementor-widget elementor-widget-icon\" data-id=\"d7cc660\" data-element_type=\"widget\" data-widget_type=\"icon.default\">\n\t\t\t\t<div class=\"elementor-widget-container\">\n\t\t\t\t\t<div class=\"elementor-icon-wrapper\">\n\t\t\t<div class=\"elementor-icon\">\n\t\t\t<svg aria-hidden=\"true\" class=\"e-font-icon-svg e-fas-arrow-right\" viewBox=\"0 0 448 512\" xmlns=\"http:\/\/www.w3.org\/2000\/svg\"><path d=\"M190.5 66.9l22.2-22.2c9.4-9.4 24.6-9.4 33.9 0L441 239c9.4 9.4 9.4 24.6 0 33.9L246.6 467.3c-9.4 9.4-24.6 9.4-33.9 0l-22.2-22.2c-9.5-9.5-9.3-25 .4-34.3L311.4 296H24c-13.3 0-24-10.7-24-24v-32c0-13.3 10.7-24 24-24h287.4L190.9 101.2c-9.8-9.3-10-24.8-.4-34.3z\"><\/path><\/svg>\t\t\t<\/div>\n\t\t<\/div>\n\t\t\t\t<\/div>\n\t\t\t\t<\/div>\n\t\t\t\t\t<\/div>\n\t\t<\/div>\n\t\t\t\t<div class=\"elementor-column elementor-col-25 elementor-inner-column elementor-element elementor-element-cdd561c elementor-invisible\" data-id=\"cdd561c\" data-element_type=\"column\" data-settings=\"{&quot;animation&quot;:&quot;fadeInRight&quot;}\">\n\t\t\t<div class=\"elementor-widget-wrap elementor-element-populated\">\n\t\t\t\t\t\t<div class=\"elementor-element elementor-element-7a1614c elementor-widget elementor-widget-image\" data-id=\"7a1614c\" data-element_type=\"widget\" data-widget_type=\"image.default\">\n\t\t\t\t<div class=\"elementor-widget-container\">\n\t\t\t\t\t\t\t\t\t\t\t\t\t<img decoding=\"async\" src=\"https:\/\/am-israel-farafina.com\/wp-content\/uploads\/elementor\/thumbs\/Oliver-Johnson-qxmw5l0mm268o253urjoeghlh1sm95t72p4o3dv48c.jpg\" title=\"Oliver-Johnson.jpg\" alt=\"Oliver-Johnson.jpg\" class=\"elementor-animation-float\" loading=\"lazy\" \/>\t\t\t\t\t\t\t\t\t\t\t\t\t<\/div>\n\t\t\t\t<\/div>\n\t\t\t\t<div class=\"elementor-element elementor-element-d06884c elementor-widget elementor-widget-heading\" data-id=\"d06884c\" data-element_type=\"widget\" data-widget_type=\"heading.default\">\n\t\t\t\t<div class=\"elementor-widget-container\">\n\t\t\t<h3 class=\"elementor-heading-title elementor-size-default\">Oliver Johnson<\/h3>\t\t<\/div>\n\t\t\t\t<\/div>\n\t\t\t\t<div class=\"elementor-element elementor-element-e6e3e09 elementor-widget elementor-widget-text-editor\" data-id=\"e6e3e09\" data-element_type=\"widget\" data-widget_type=\"text-editor.default\">\n\t\t\t\t<div class=\"elementor-widget-container\">\n\t\t\t\t\t\t\t<p>Brand Manager<\/p>\t\t\t\t\t\t<\/div>\n\t\t\t\t<\/div>\n\t\t\t\t<div class=\"elementor-element elementor-element-3589060 elementor-view-default elementor-widget elementor-widget-icon\" data-id=\"3589060\" data-element_type=\"widget\" data-widget_type=\"icon.default\">\n\t\t\t\t<div class=\"elementor-widget-container\">\n\t\t\t\t\t<div class=\"elementor-icon-wrapper\">\n\t\t\t<div class=\"elementor-icon\">\n\t\t\t<svg aria-hidden=\"true\" class=\"e-font-icon-svg e-fas-arrow-right\" viewBox=\"0 0 448 512\" xmlns=\"http:\/\/www.w3.org\/2000\/svg\"><path d=\"M190.5 66.9l22.2-22.2c9.4-9.4 24.6-9.4 33.9 0L441 239c9.4 9.4 9.4 24.6 0 33.9L246.6 467.3c-9.4 9.4-24.6 9.4-33.9 0l-22.2-22.2c-9.5-9.5-9.3-25 .4-34.3L311.4 296H24c-13.3 0-24-10.7-24-24v-32c0-13.3 10.7-24 24-24h287.4L190.9 101.2c-9.8-9.3-10-24.8-.4-34.3z\"><\/path><\/svg>\t\t\t<\/div>\n\t\t<\/div>\n\t\t\t\t<\/div>\n\t\t\t\t<\/div>\n\t\t\t\t\t<\/div>\n\t\t<\/div>\n\t\t\t\t\t<\/div>\n\t\t<\/section>\n\t\t\t\t\t<\/div>\n\t\t<\/div>\n\t\t\t\t\t<\/div>\n\t\t<\/section>\n\t\t\t\t<\/div>\n\t\t","protected":false},"excerpt":{"rendered":"<p>Qui sommes nous AM-ISRA\u00cbL-FARAFINA, Association Multiculturelle (de<\/p>\n","protected":false},"author":1,"featured_media":0,"parent":0,"menu_order":0,"comment_status":"closed","ping_status":"closed","template":"elementor_header_footer","meta":{"_monsterinsights_skip_tracking":false,"_monsterinsights_sitenote_active":false,"_monsterinsights_sitenote_note":"","_monsterinsights_sitenote_category":0,"_kadence_starter_templates_imported_post":false,"footnotes":""},"class_list":["post-142","page","type-page","status-publish","hentry"],"aioseo_notices":[],"_links":{"self":[{"href":"https:\/\/am-israel-farafina.com\/index.php\/wp-json\/wp\/v2\/pages\/142","targetHints":{"allow":["GET"]}}],"collection":[{"href":"https:\/\/am-israel-farafina.com\/index.php\/wp-json\/wp\/v2\/pages"}],"about":[{"href":"https:\/\/am-israel-farafina.com\/index.php\/wp-json\/wp\/v2\/types\/page"}],"author":[{"embeddable":true,"href":"https:\/\/am-israel-farafina.com\/index.php\/wp-json\/wp\/v2\/users\/1"}],"replies":[{"embeddable":true,"href":"https:\/\/am-israel-farafina.com\/index.php\/wp-json\/wp\/v2\/comments?post=142"}],"version-history":[{"count":36,"href":"https:\/\/am-israel-farafina.com\/index.php\/wp-json\/wp\/v2\/pages\/142\/revisions"}],"predecessor-version":[{"id":7362,"href":"https:\/\/am-israel-farafina.com\/index.php\/wp-json\/wp\/v2\/pages\/142\/revisions\/7362"}],"wp:attachment":[{"href":"https:\/\/am-israel-farafina.com\/index.php\/wp-json\/wp\/v2\/media?parent=142"}],"curies":[{"name":"wp","href":"https:\/\/api.w.org\/{rel}","templated":true}]}}